{"id":4004,"date":"2025-05-01T05:32:37","date_gmt":"2025-05-01T05:32:37","guid":{"rendered":"https:\/\/www.parkplaza.cl\/?page_id=4004"},"modified":"2025-05-01T05:39:19","modified_gmt":"2025-05-01T05:39:19","slug":"legal","status":"publish","type":"page","link":"https:\/\/www.hotelbonaparte.cl\/en\/legal\/","title":{"rendered":"Legal"},"content":{"rendered":"<p>[vc_row][vc_column][vc_column_text css=&#8221;.vc_custom_1746077936480{margin-top: 30px !important;}&#8221;]<\/p>\n<h3 style=\"text-align: left;\">Canal de Denuncias \u2013 Ley 20.393\u200b.<\/h3>\n<h3 style=\"text-align: left;\">Bienvenidos a nuestro \u201cCanal Denuncia de Delitos\u201d<\/h3>\n<p>[\/vc_column_text][vc_column_text css=&#8221;.vc_custom_1746077640436{padding-right: 10px !important;padding-left: 10px !important;}&#8221;]<span style=\"font-size: 17px;\">De acuerdo con la Ley N\u00b020.393, que establece la Responsabilidad Penal de las Personas Jur\u00eddicas, estas ser\u00e1n responsables de los delitos contemplados en dicha ley cuando \u201cfueren cometidos directa e inmediatamente en su inter\u00e9s o para su provecho, por alg\u00fan integrante de la empresa, asesores u otras personas que se relacionen con \u00e9sta\u201d. A trav\u00e9s de este medio, puedes denunciar la posible ocurrencia de estos delitos.<\/span>[\/vc_column_text][vc_column_text css=&#8221;.vc_custom_1746077800965{margin-top: 30px !important;padding-top: 50px !important;padding-right: 50px !important;padding-bottom: 50px !important;padding-left: 50px !important;}&#8221;]<\/p>\n<h4><strong>Te invitamos a revisar:<\/strong><\/h4>\n<ul>\n<li><a href=\"https:\/\/www.parkplaza.cl\/wp-content\/uploads\/2025\/03\/manual-de-prevencion-de-delitos-park-plaza-spp-psl-psh.pdf\" target=\"_blank\" rel=\"noopener\"><span style=\"font-size: 17px;\">Manual de Prevenci\u00f3n de Delitos<\/span><\/a><\/li>\n<li><a href=\"https:\/\/www.parkplaza.cl\/wp-content\/uploads\/2025\/03\/codigo-de-etica-Park-Plaza-spp-psl-psh.pdf\" target=\"_blank\" rel=\"noopener\"><span style=\"font-size: 17px;\">C\u00f3digo de \u00c9tica y Conducta Empresarial<\/span><\/a><\/li>\n<\/ul>\n<p>[\/vc_column_text][vc_row_inner][vc_column_inner width=&#8221;1\/6&#8243;][\/vc_column_inner][vc_column_inner width=&#8221;2\/3&#8243; css=&#8221;.vc_custom_1746077954324{padding-top: 20px !important;padding-right: 20px !important;padding-bottom: 20px !important;padding-left: 20px !important;background-color: #e5e5e5 !important;}&#8221;][vc_column_text]<\/p>\n<h3 style=\"text-align: center;\">Haz tu denuncia<\/h3>\n<p>[\/vc_column_text][vc_column_text css=&#8221;.vc_custom_1746077866122{padding-right: 10px !important;padding-left: 10px !important;}&#8221;]<span style=\"font-size: 17px;\">Tu denuncia ser\u00e1 remitida al Encargado de Prevenci\u00f3n de Delitos, por lo que es muy importante que a continuaci\u00f3n detalle los hechos, la fecha de ocurrencia, las personas involucradas, los posibles da\u00f1os a la empresa o a terceros y cualquier otro antecedente que pueda aportar a la investigaci\u00f3n de los hechos denunciados.<\/span>[\/vc_column_text]\n<div class=\"wpcf7 no-js\" id=\"wpcf7-f3993-o1\" lang=\"es-ES\" dir=\"ltr\" data-wpcf7-id=\"3993\">\n<div class=\"screen-reader-response\"><p role=\"status\" aria-live=\"polite\" aria-atomic=\"true\"><\/p> <ul><\/ul><\/div>\n<form action=\"\/en\/wp-json\/wp\/v2\/pages\/4004#wpcf7-f3993-o1\" method=\"post\" class=\"wpcf7-form init\" aria-label=\"Formulario de contacto\" enctype=\"multipart\/form-data\" novalidate=\"novalidate\" data-status=\"init\">\n<fieldset class=\"hidden-fields-container\"><input type=\"hidden\" name=\"_wpcf7\" value=\"3993\" \/><input type=\"hidden\" name=\"_wpcf7_version\" value=\"6.1.4\" \/><input type=\"hidden\" name=\"_wpcf7_locale\" value=\"es_ES\" \/><input type=\"hidden\" name=\"_wpcf7_unit_tag\" value=\"wpcf7-f3993-o1\" \/><input type=\"hidden\" name=\"_wpcf7_container_post\" value=\"0\" \/><input type=\"hidden\" name=\"_wpcf7_posted_data_hash\" value=\"\" \/><input type=\"hidden\" name=\"_wpcf7_recaptcha_response\" value=\"\" \/>\n<\/fieldset>\n<p>[vc_row][vc_column width=\"1\/2\"]<div class=\"\"><label >Nombre Completo<\/label>\n<\/p>\n<p><span class=\"wpcf7-form-control-wrap\" data-name=\"nombre\"><input size=\"40\" maxlength=\"400\" class=\"wpcf7-form-control wpcf7-text wpcf7-validates-as-required\" aria-required=\"true\" aria-invalid=\"false\" value=\"\" type=\"text\" name=\"nombre\" \/><\/span>\n<\/p>\n<p><\/div><div class=\" vc_custom_1742237618435\"><label >RUT<\/label>\n<\/p>\n<p><span class=\"wpcf7-form-control-wrap\" data-name=\"rut\"><input size=\"40\" maxlength=\"400\" class=\"wpcf7-form-control wpcf7-text wpcf7-validates-as-required\" aria-required=\"true\" aria-invalid=\"false\" value=\"\" type=\"text\" name=\"rut\" \/><\/span>\n<\/p>\n<p><\/div>[\/vc_column][vc_column width=\"1\/2\"]<div class=\"\"><label >Correo electr\u00f3nico<\/label><span class=\"wpcf7-form-control-wrap\" data-name=\"email-179\"><input size=\"40\" maxlength=\"400\" class=\"wpcf7-form-control wpcf7-email wpcf7-validates-as-required wpcf7-text wpcf7-validates-as-email\" aria-required=\"true\" aria-invalid=\"false\" value=\"\" type=\"email\" name=\"email-179\" \/><\/span>\n<\/p>\n<p><\/div><div class=\" vc_custom_1742237605501\"><label >N\u00famero Telef\u00f3nico<\/label>\n<\/p>\n<p><span class=\"wpcf7-form-control-wrap\" data-name=\"Telefono\"><input size=\"40\" maxlength=\"400\" class=\"wpcf7-form-control wpcf7-text wpcf7-validates-as-required\" aria-required=\"true\" aria-invalid=\"false\" value=\"\" type=\"text\" name=\"Telefono\" \/><\/span>\n<\/p>\n<p><\/div>[\/vc_column][\/vc_row][vc_row full_width=\"\" parallax=\"\" parallax_image=\"\"][vc_column width=\"1\/1\"]<div class=\" vc_custom_1742236823170\"><label >Tipo de Denuncia<\/label><span class=\"wpcf7-form-control-wrap\" data-name=\"menu-558\"><select class=\"wpcf7-form-control wpcf7-select wpcf7-validates-as-required\" aria-required=\"true\" aria-invalid=\"false\" name=\"menu-558\"><option value=\"Abuso de Dispositivos\">Abuso de Dispositivos<\/option><option value=\"Abuso de Poder\">Abuso de Poder<\/option><option value=\"Acceso Il\u00edcito\">Acceso Il\u00edcito<\/option><option value=\"Administraci\u00f3n Desleal\">Administraci\u00f3n Desleal<\/option><option value=\"Apropiaci\u00f3n Indebida\">Apropiaci\u00f3n Indebida<\/option><option value=\"Ataque a la Integridad de los Datos Inform\u00e1ticos\">Ataque a la Integridad de los Datos Inform\u00e1ticos<\/option><option value=\"Ataque a la Integridad de un Sistema Inform\u00e1tico\">Ataque a la Integridad de un Sistema Inform\u00e1tico<\/option><option value=\"Cohecho\">Cohecho<\/option><option value=\"Competencia\">Competencia<\/option><option value=\"Condiciones en el Ambiente Laboral\">Condiciones en el Ambiente Laboral<\/option><option value=\"Contrataci\u00f3n P\u00fablica\">Contrataci\u00f3n P\u00fablica<\/option><option value=\"Corrupci\u00f3n entre Particulares\">Corrupci\u00f3n entre Particulares<\/option><option value=\"Falsificaci\u00f3n Inform\u00e1tica\">Falsificaci\u00f3n Inform\u00e1tica<\/option><option value=\"Financiamiento del Terrorismo\">Financiamiento del Terrorismo<\/option><option value=\"Fraude Inform\u00e1tico\">Fraude Inform\u00e1tico<\/option><option value=\"Impuestos de Sociedades\">Impuestos de Sociedades<\/option><option value=\"Interceptaci\u00f3n Il\u00edcita\">Interceptaci\u00f3n Il\u00edcita<\/option><option value=\"Lavado de Activos\">Lavado de Activos<\/option><option value=\"Libre Competencia\">Libre Competencia<\/option><option value=\"Negociaci\u00f3n Incompatible\">Negociaci\u00f3n Incompatible<\/option><option value=\"Protecci\u00f3n de Datos Personales y Privacidad\">Protecci\u00f3n de Datos Personales y Privacidad<\/option><option value=\"Protecci\u00f3n del Medio Ambiente\">Protecci\u00f3n del Medio Ambiente<\/option><option value=\"Protecci\u00f3n del Usuario\">Protecci\u00f3n del Usuario<\/option><option value=\"Receptaci\u00f3n de Datos Inform\u00e1ticos\">Receptaci\u00f3n de Datos Inform\u00e1ticos<\/option><option value=\"Otros\">Otros<\/option><\/select><\/span>\n<\/p>\n<p><\/div><div class=\" vc_custom_1742236815568\"><label >Relaci\u00f3n con la Empresa<\/label><span class=\"wpcf7-form-control-wrap\" data-name=\"menu-300\"><select class=\"wpcf7-form-control wpcf7-select wpcf7-validates-as-required\" aria-required=\"true\" aria-invalid=\"false\" name=\"menu-300\"><option value=\"Postulante\">Postulante<\/option><option value=\"Cliente\">Cliente<\/option><option value=\"Colaborador\/a\">Colaborador\/a<\/option><option value=\"Contratista\">Contratista<\/option><option value=\"Proveedor\">Proveedor<\/option><option value=\"Asesor\">Asesor<\/option><option value=\"Otro\">Otro<\/option><\/select><\/span>\n<\/p>\n<p><\/div><div class=\"\"><label >\u00bfD\u00f3nde sucedi\u00f3?<\/label>\n<\/p>\n<p><span class=\"wpcf7-form-control-wrap\" data-name=\"donde-sucedio\"><input size=\"40\" maxlength=\"400\" class=\"wpcf7-form-control wpcf7-text wpcf7-validates-as-required\" aria-required=\"true\" aria-invalid=\"false\" value=\"\" type=\"text\" name=\"donde-sucedio\" \/><\/span>\n<\/p>\n<p><\/div><div class=\" vc_custom_1742237647323\"><label >\u00bfCu\u00e1ndo sucedi\u00f3?<\/label>\n<\/p>\n<p><span class=\"wpcf7-form-control-wrap\" data-name=\"cuando-sucedio\"><input size=\"40\" maxlength=\"400\" class=\"wpcf7-form-control wpcf7-text wpcf7-validates-as-required\" aria-required=\"true\" aria-invalid=\"false\" value=\"\" type=\"text\" name=\"cuando-sucedio\" \/><\/span>\n<\/p>\n<p><\/div><div class=\" vc_custom_1742237666244\"><label >Persona objeto de la denuncia <\/label>\n<\/p>\n<p><span class=\"wpcf7-form-control-wrap\" data-name=\"persona-denunciada\"><input size=\"40\" maxlength=\"400\" class=\"wpcf7-form-control wpcf7-text wpcf7-validates-as-required\" aria-required=\"true\" aria-invalid=\"false\" value=\"\" type=\"text\" name=\"persona-denunciada\" \/><\/span>\n<\/p>\n<p><\/div><div class=\" vc_custom_1742237682912\"><label >Describe el hecho en detalle<\/label>\n<\/p>\n<p><span class=\"wpcf7-form-control-wrap\" data-name=\"describe-el-caso\"><textarea cols=\"40\" rows=\"10\" maxlength=\"2000\" class=\"wpcf7-form-control wpcf7-textarea wpcf7-validates-as-required\" aria-required=\"true\" aria-invalid=\"false\" name=\"describe-el-caso\"><\/textarea><\/span>\n<\/p>\n<p><\/div><div class=\"\"><label >Adjuntar evidencia<\/label>\n<\/p>\n<p><span class=\"wpcf7-form-control-wrap\" data-name=\"evidencia\"><input size=\"40\" class=\"wpcf7-form-control wpcf7-file\" accept=\"audio\/*,video\/*,image\/*\" aria-invalid=\"false\" type=\"file\" name=\"evidencia\" \/><\/span>\n<\/p>\n<p><\/div><div class=\"\"><input class=\"wpcf7-form-control wpcf7-submit has-spinner\" type=\"submit\" value=\"Enviar\" \/>\n<\/p>\n<p><\/div>[\/vc_column][\/vc_row]\n<\/p><div class=\"wpcf7-response-output\" aria-hidden=\"true\"><\/div>\n<\/form>\n<\/div>\n<style>.vc_custom_1742237618435{margin-top: -20px !important;}.vc_custom_1742237605501{margin-top: -20px !important;}.vc_custom_1742236823170{margin-top: -40px !important;margin-bottom: 30px !important;}.vc_custom_1742236815568{margin-top: 10px !important;margin-bottom: 20px !important;}.vc_custom_1742237647323{margin-top: -20px !important;}.vc_custom_1742237666244{margin-top: -20px !important;}.vc_custom_1742237682912{margin-top: -20px !important;}<\/style>[\/vc_column_inner][vc_column_inner width=&#8221;1\/6&#8243;][\/vc_column_inner][\/vc_row_inner][vc_empty_space][\/vc_column][\/vc_row]<\/p>","protected":false},"excerpt":{"rendered":"<p>[vc_row][vc_column][vc_column_text css=&#8221;.vc_custom_1746077936480{margin-top: 30px !important;}&#8221;] Canal de Denuncias \u2013 Ley 20.393\u200b. Bienvenidos a nuestro \u201cCanal Denuncia de Delitos\u201d [\/vc_column_text][vc_column_text css=&#8221;.vc_custom_1746077640436{padding-right: 10px !important;padding-left: 10px !important;}&#8221;]De acuerdo con la Ley N\u00b020.393, que establece la Responsabilidad Penal de las Personas Jur\u00eddicas, estas ser\u00e1n responsables de los delitos contemplados en dicha ley cuando \u201cfueren cometidos directa e inmediatamente en su [&hellip;]<\/p>\n","protected":false},"author":1,"featured_media":0,"parent":0,"menu_order":0,"comment_status":"closed","ping_status":"closed","template":"","meta":{"_monsterinsights_skip_tracking":false,"_monsterinsights_sitenote_active":false,"_monsterinsights_sitenote_note":"","_monsterinsights_sitenote_category":0,"footnotes":""},"class_list":["post-4004","page","type-page","status-publish","hentry"],"_links":{"self":[{"href":"https:\/\/www.hotelbonaparte.cl\/en\/wp-json\/wp\/v2\/pages\/4004","targetHints":{"allow":["GET"]}}],"collection":[{"href":"https:\/\/www.hotelbonaparte.cl\/en\/wp-json\/wp\/v2\/pages"}],"about":[{"href":"https:\/\/www.hotelbonaparte.cl\/en\/wp-json\/wp\/v2\/types\/page"}],"author":[{"embeddable":true,"href":"https:\/\/www.hotelbonaparte.cl\/en\/wp-json\/wp\/v2\/users\/1"}],"replies":[{"embeddable":true,"href":"https:\/\/www.hotelbonaparte.cl\/en\/wp-json\/wp\/v2\/comments?post=4004"}],"version-history":[{"count":11,"href":"https:\/\/www.hotelbonaparte.cl\/en\/wp-json\/wp\/v2\/pages\/4004\/revisions"}],"predecessor-version":[{"id":4016,"href":"https:\/\/www.hotelbonaparte.cl\/en\/wp-json\/wp\/v2\/pages\/4004\/revisions\/4016"}],"wp:attachment":[{"href":"https:\/\/www.hotelbonaparte.cl\/en\/wp-json\/wp\/v2\/media?parent=4004"}],"curies":[{"name":"wp","href":"https:\/\/api.w.org\/{rel}","templated":true}]}}